{"id":433,"date":"2018-10-16T14:03:53","date_gmt":"2018-10-16T11:03:53","guid":{"rendered":"http:\/\/www.norma.ee\/avaleht\/"},"modified":"2024-12-17T14:08:48","modified_gmt":"2024-12-17T12:08:48","slug":"avaleht","status":"publish","type":"page","link":"http:\/\/www.norma.ee\/en\/","title":{"rendered":"Home"},"content":{"rendered":"","protected":false},"excerpt":{"rendered":"","protected":false},"author":1,"featured_media":0,"parent":0,"menu_order":0,"comment_status":"closed","ping_status":"closed","template":"","meta":{"_acf_changed":false,"footnotes":""},"acf":[],"yoast_head":"<!-- This site is optimized with the Yoast SEO plugin v24.5 - https:\/\/yoast.com\/wordpress\/plugins\/seo\/ -->\n<title>Autoliv - we manufacture car safety system components<\/title>\n<meta name=\"description\" content=\"Norma toodab autode turvas\u00fcsteemi komponente. Meie l\u00f5ppklientideks on tuntud autovalmistajad \u00fcle maailma - Audi, Bentley, Porsche, Volkswagen, Tesla jt.\" \/>\n<meta name=\"robots\" content=\"index, follow, max-snippet:-1, max-image-preview:large, max-video-preview:-1\" \/>\n<link rel=\"canonical\" href=\"http:\/\/www.norma.ee\/en\/\" \/>\n<meta property=\"og:locale\" content=\"en_US\" \/>\n<meta property=\"og:type\" content=\"article\" \/>\n<meta property=\"og:title\" content=\"Autoliv - we manufacture car safety system components\" \/>\n<meta property=\"og:description\" content=\"Norma toodab autode turvas\u00fcsteemi komponente. Meie l\u00f5ppklientideks on tuntud autovalmistajad \u00fcle maailma - Audi, Bentley, Porsche, Volkswagen, Tesla jt.\" \/>\n<meta property=\"og:url\" content=\"http:\/\/www.norma.ee\/en\/\" \/>\n<meta property=\"og:site_name\" content=\"Autoliv\" \/>\n<meta property=\"article:modified_time\" content=\"2024-12-17T12:08:48+00:00\" \/>\n<meta name=\"twitter:card\" content=\"summary_large_image\" \/>\n<script type=\"application\/ld+json\" class=\"yoast-schema-graph\">{\"@context\":\"https:\/\/schema.org\",\"@graph\":[{\"@type\":\"WebPage\",\"@id\":\"http:\/\/www.norma.ee\/en\/\",\"url\":\"http:\/\/www.norma.ee\/en\/\",\"name\":\"Autoliv - we manufacture car safety system components\",\"isPartOf\":{\"@id\":\"http:\/\/www.norma.ee\/en\/#website\"},\"datePublished\":\"2018-10-16T11:03:53+00:00\",\"dateModified\":\"2024-12-17T12:08:48+00:00\",\"description\":\"Norma toodab autode turvas\u00fcsteemi komponente. Meie l\u00f5ppklientideks on tuntud autovalmistajad \u00fcle maailma - Audi, Bentley, Porsche, Volkswagen, Tesla jt.\",\"breadcrumb\":{\"@id\":\"http:\/\/www.norma.ee\/en\/#breadcrumb\"},\"inLanguage\":\"en-US\",\"potentialAction\":[{\"@type\":\"ReadAction\",\"target\":[\"http:\/\/www.norma.ee\/en\/\"]}]},{\"@type\":\"BreadcrumbList\",\"@id\":\"http:\/\/www.norma.ee\/en\/#breadcrumb\",\"itemListElement\":[{\"@type\":\"ListItem\",\"position\":1,\"name\":\"Home\",\"item\":\"http:\/\/www.norma.ee\/en\/\"},{\"@type\":\"ListItem\",\"position\":2,\"name\":\"Home\"}]},{\"@type\":\"WebSite\",\"@id\":\"http:\/\/www.norma.ee\/en\/#website\",\"url\":\"http:\/\/www.norma.ee\/en\/\",\"name\":\"Autoliv\",\"description\":\"Meie tooted p\u00e4\u00e4stavad elusid!\",\"potentialAction\":[{\"@type\":\"SearchAction\",\"target\":{\"@type\":\"EntryPoint\",\"urlTemplate\":\"http:\/\/www.norma.ee\/en\/?s={search_term_string}\"},\"query-input\":{\"@type\":\"PropertyValueSpecification\",\"valueRequired\":true,\"valueName\":\"search_term_string\"}}],\"inLanguage\":\"en-US\"}]}<\/script>\n<!-- \/ Yoast SEO plugin. -->","yoast_head_json":{"title":"Autoliv - we manufacture car safety system components","description":"Norma toodab autode turvas\u00fcsteemi komponente. Meie l\u00f5ppklientideks on tuntud autovalmistajad \u00fcle maailma - Audi, Bentley, Porsche, Volkswagen, Tesla jt.","robots":{"index":"index","follow":"follow","max-snippet":"max-snippet:-1","max-image-preview":"max-image-preview:large","max-video-preview":"max-video-preview:-1"},"canonical":"http:\/\/www.norma.ee\/en\/","og_locale":"en_US","og_type":"article","og_title":"Autoliv - we manufacture car safety system components","og_description":"Norma toodab autode turvas\u00fcsteemi komponente. Meie l\u00f5ppklientideks on tuntud autovalmistajad \u00fcle maailma - Audi, Bentley, Porsche, Volkswagen, Tesla jt.","og_url":"http:\/\/www.norma.ee\/en\/","og_site_name":"Autoliv","article_modified_time":"2024-12-17T12:08:48+00:00","twitter_card":"summary_large_image","schema":{"@context":"https:\/\/schema.org","@graph":[{"@type":"WebPage","@id":"http:\/\/www.norma.ee\/en\/","url":"http:\/\/www.norma.ee\/en\/","name":"Autoliv - we manufacture car safety system components","isPartOf":{"@id":"http:\/\/www.norma.ee\/en\/#website"},"datePublished":"2018-10-16T11:03:53+00:00","dateModified":"2024-12-17T12:08:48+00:00","description":"Norma toodab autode turvas\u00fcsteemi komponente. Meie l\u00f5ppklientideks on tuntud autovalmistajad \u00fcle maailma - Audi, Bentley, Porsche, Volkswagen, Tesla jt.","breadcrumb":{"@id":"http:\/\/www.norma.ee\/en\/#breadcrumb"},"inLanguage":"en-US","potentialAction":[{"@type":"ReadAction","target":["http:\/\/www.norma.ee\/en\/"]}]},{"@type":"BreadcrumbList","@id":"http:\/\/www.norma.ee\/en\/#breadcrumb","itemListElement":[{"@type":"ListItem","position":1,"name":"Home","item":"http:\/\/www.norma.ee\/en\/"},{"@type":"ListItem","position":2,"name":"Home"}]},{"@type":"WebSite","@id":"http:\/\/www.norma.ee\/en\/#website","url":"http:\/\/www.norma.ee\/en\/","name":"Autoliv","description":"Meie tooted p\u00e4\u00e4stavad elusid!","potentialAction":[{"@type":"SearchAction","target":{"@type":"EntryPoint","urlTemplate":"http:\/\/www.norma.ee\/en\/?s={search_term_string}"},"query-input":{"@type":"PropertyValueSpecification","valueRequired":true,"valueName":"search_term_string"}}],"inLanguage":"en-US"}]}},"jetpack_sharing_enabled":true,"_links":{"self":[{"href":"http:\/\/www.norma.ee\/en\/wp-json\/wp\/v2\/pages\/433"}],"collection":[{"href":"http:\/\/www.norma.ee\/en\/wp-json\/wp\/v2\/pages"}],"about":[{"href":"http:\/\/www.norma.ee\/en\/wp-json\/wp\/v2\/types\/page"}],"author":[{"embeddable":true,"href":"http:\/\/www.norma.ee\/en\/wp-json\/wp\/v2\/users\/1"}],"replies":[{"embeddable":true,"href":"http:\/\/www.norma.ee\/en\/wp-json\/wp\/v2\/comments?post=433"}],"version-history":[{"count":26,"href":"http:\/\/www.norma.ee\/en\/wp-json\/wp\/v2\/pages\/433\/revisions"}],"predecessor-version":[{"id":2513,"href":"http:\/\/www.norma.ee\/en\/wp-json\/wp\/v2\/pages\/433\/revisions\/2513"}],"wp:attachment":[{"href":"http:\/\/www.norma.ee\/en\/wp-json\/wp\/v2\/media?parent=433"}],"curies":[{"name":"wp","href":"https:\/\/api.w.org\/{rel}","templated":true}]}}