{"id":526,"date":"2018-10-16T14:03:53","date_gmt":"2018-10-16T11:03:53","guid":{"rendered":"http:\/\/www.norma.ee\/avaleht\/"},"modified":"2024-12-17T14:10:04","modified_gmt":"2024-12-17T12:10:04","slug":"avaleht","status":"publish","type":"page","link":"http:\/\/www.norma.ee\/ru\/","title":{"rendered":"Home"},"content":{"rendered":"","protected":false},"excerpt":{"rendered":"","protected":false},"author":1,"featured_media":0,"parent":0,"menu_order":0,"comment_status":"closed","ping_status":"closed","template":"","meta":{"_acf_changed":false,"footnotes":""},"acf":[],"yoast_head":"<!-- This site is optimized with the Yoast SEO plugin v24.5 - https:\/\/yoast.com\/wordpress\/plugins\/seo\/ -->\n<title>Autoliv - \u0437\u0430\u043d\u0438\u043c\u0430\u0435\u043c\u0441\u044f \u043f\u0440\u043e\u0438\u0437\u0432\u043e\u0434\u0441\u0442\u0432\u043e\u043c \u043a\u043e\u043c\u043f\u043e\u043d\u0435\u043d\u0442\u043e\u0432 \u0434\u043b\u044f \u0441\u0438\u0441\u0442\u0435\u043c \u0431\u0435\u0437\u043e\u043f\u0430\u0441\u043d\u043e\u0441\u0442\u0438 \u0430\u0432\u0442\u043e\u043c\u043e\u0431\u0438\u043b\u0435\u0439<\/title>\n<meta name=\"description\" content=\"Norma toodab autode turvas\u00fcsteemi komponente. Meie l\u00f5ppklientideks on tuntud autovalmistajad \u00fcle maailma!\" \/>\n<meta name=\"robots\" content=\"index, follow, max-snippet:-1, max-image-preview:large, max-video-preview:-1\" \/>\n<link rel=\"canonical\" href=\"https:\/\/www.norma.ee\/ru\/\" \/>\n<meta property=\"og:locale\" content=\"ru_RU\" \/>\n<meta property=\"og:type\" content=\"article\" \/>\n<meta property=\"og:title\" content=\"Autoliv - \u0437\u0430\u043d\u0438\u043c\u0430\u0435\u043c\u0441\u044f \u043f\u0440\u043e\u0438\u0437\u0432\u043e\u0434\u0441\u0442\u0432\u043e\u043c \u043a\u043e\u043c\u043f\u043e\u043d\u0435\u043d\u0442\u043e\u0432 \u0434\u043b\u044f \u0441\u0438\u0441\u0442\u0435\u043c \u0431\u0435\u0437\u043e\u043f\u0430\u0441\u043d\u043e\u0441\u0442\u0438 \u0430\u0432\u0442\u043e\u043c\u043e\u0431\u0438\u043b\u0435\u0439\" \/>\n<meta property=\"og:description\" content=\"Norma toodab autode turvas\u00fcsteemi komponente. Meie l\u00f5ppklientideks on tuntud autovalmistajad \u00fcle maailma!\" \/>\n<meta property=\"og:url\" content=\"https:\/\/www.norma.ee\/ru\/\" \/>\n<meta property=\"og:site_name\" content=\"Autoliv\" \/>\n<meta property=\"article:modified_time\" content=\"2024-12-17T12:10:04+00:00\" \/>\n<meta name=\"twitter:card\" content=\"summary_large_image\" \/>\n<script type=\"application\/ld+json\" class=\"yoast-schema-graph\">{\"@context\":\"https:\/\/schema.org\",\"@graph\":[{\"@type\":\"WebPage\",\"@id\":\"https:\/\/www.norma.ee\/ru\/\",\"url\":\"https:\/\/www.norma.ee\/ru\/\",\"name\":\"Autoliv - \u0437\u0430\u043d\u0438\u043c\u0430\u0435\u043c\u0441\u044f \u043f\u0440\u043e\u0438\u0437\u0432\u043e\u0434\u0441\u0442\u0432\u043e\u043c \u043a\u043e\u043c\u043f\u043e\u043d\u0435\u043d\u0442\u043e\u0432 \u0434\u043b\u044f \u0441\u0438\u0441\u0442\u0435\u043c \u0431\u0435\u0437\u043e\u043f\u0430\u0441\u043d\u043e\u0441\u0442\u0438 \u0430\u0432\u0442\u043e\u043c\u043e\u0431\u0438\u043b\u0435\u0439\",\"isPartOf\":{\"@id\":\"http:\/\/www.norma.ee\/#website\"},\"datePublished\":\"2018-10-16T11:03:53+00:00\",\"dateModified\":\"2024-12-17T12:10:04+00:00\",\"description\":\"Norma toodab autode turvas\u00fcsteemi komponente. Meie l\u00f5ppklientideks on tuntud autovalmistajad \u00fcle maailma!\",\"breadcrumb\":{\"@id\":\"https:\/\/www.norma.ee\/ru\/#breadcrumb\"},\"inLanguage\":\"ru-RU\",\"potentialAction\":[{\"@type\":\"ReadAction\",\"target\":[\"https:\/\/www.norma.ee\/ru\/\"]}]},{\"@type\":\"BreadcrumbList\",\"@id\":\"https:\/\/www.norma.ee\/ru\/#breadcrumb\",\"itemListElement\":[{\"@type\":\"ListItem\",\"position\":1,\"name\":\"Home\",\"item\":\"https:\/\/www.norma.ee\/ru\/\"},{\"@type\":\"ListItem\",\"position\":2,\"name\":\"Home\"}]},{\"@type\":\"WebSite\",\"@id\":\"http:\/\/www.norma.ee\/#website\",\"url\":\"http:\/\/www.norma.ee\/\",\"name\":\"Autoliv\",\"description\":\"Meie tooted p\u00e4\u00e4stavad elusid!\",\"potentialAction\":[{\"@type\":\"SearchAction\",\"target\":{\"@type\":\"EntryPoint\",\"urlTemplate\":\"http:\/\/www.norma.ee\/?s={search_term_string}\"},\"query-input\":{\"@type\":\"PropertyValueSpecification\",\"valueRequired\":true,\"valueName\":\"search_term_string\"}}],\"inLanguage\":\"ru-RU\"}]}<\/script>\n<!-- \/ Yoast SEO plugin. -->","yoast_head_json":{"title":"Autoliv - \u0437\u0430\u043d\u0438\u043c\u0430\u0435\u043c\u0441\u044f \u043f\u0440\u043e\u0438\u0437\u0432\u043e\u0434\u0441\u0442\u0432\u043e\u043c \u043a\u043e\u043c\u043f\u043e\u043d\u0435\u043d\u0442\u043e\u0432 \u0434\u043b\u044f \u0441\u0438\u0441\u0442\u0435\u043c \u0431\u0435\u0437\u043e\u043f\u0430\u0441\u043d\u043e\u0441\u0442\u0438 \u0430\u0432\u0442\u043e\u043c\u043e\u0431\u0438\u043b\u0435\u0439","description":"Norma toodab autode turvas\u00fcsteemi komponente. Meie l\u00f5ppklientideks on tuntud autovalmistajad \u00fcle maailma!","robots":{"index":"index","follow":"follow","max-snippet":"max-snippet:-1","max-image-preview":"max-image-preview:large","max-video-preview":"max-video-preview:-1"},"canonical":"https:\/\/www.norma.ee\/ru\/","og_locale":"ru_RU","og_type":"article","og_title":"Autoliv - \u0437\u0430\u043d\u0438\u043c\u0430\u0435\u043c\u0441\u044f \u043f\u0440\u043e\u0438\u0437\u0432\u043e\u0434\u0441\u0442\u0432\u043e\u043c \u043a\u043e\u043c\u043f\u043e\u043d\u0435\u043d\u0442\u043e\u0432 \u0434\u043b\u044f \u0441\u0438\u0441\u0442\u0435\u043c \u0431\u0435\u0437\u043e\u043f\u0430\u0441\u043d\u043e\u0441\u0442\u0438 \u0430\u0432\u0442\u043e\u043c\u043e\u0431\u0438\u043b\u0435\u0439","og_description":"Norma toodab autode turvas\u00fcsteemi komponente. Meie l\u00f5ppklientideks on tuntud autovalmistajad \u00fcle maailma!","og_url":"https:\/\/www.norma.ee\/ru\/","og_site_name":"Autoliv","article_modified_time":"2024-12-17T12:10:04+00:00","twitter_card":"summary_large_image","schema":{"@context":"https:\/\/schema.org","@graph":[{"@type":"WebPage","@id":"https:\/\/www.norma.ee\/ru\/","url":"https:\/\/www.norma.ee\/ru\/","name":"Autoliv - \u0437\u0430\u043d\u0438\u043c\u0430\u0435\u043c\u0441\u044f \u043f\u0440\u043e\u0438\u0437\u0432\u043e\u0434\u0441\u0442\u0432\u043e\u043c \u043a\u043e\u043c\u043f\u043e\u043d\u0435\u043d\u0442\u043e\u0432 \u0434\u043b\u044f \u0441\u0438\u0441\u0442\u0435\u043c \u0431\u0435\u0437\u043e\u043f\u0430\u0441\u043d\u043e\u0441\u0442\u0438 \u0430\u0432\u0442\u043e\u043c\u043e\u0431\u0438\u043b\u0435\u0439","isPartOf":{"@id":"http:\/\/www.norma.ee\/#website"},"datePublished":"2018-10-16T11:03:53+00:00","dateModified":"2024-12-17T12:10:04+00:00","description":"Norma toodab autode turvas\u00fcsteemi komponente. Meie l\u00f5ppklientideks on tuntud autovalmistajad \u00fcle maailma!","breadcrumb":{"@id":"https:\/\/www.norma.ee\/ru\/#breadcrumb"},"inLanguage":"ru-RU","potentialAction":[{"@type":"ReadAction","target":["https:\/\/www.norma.ee\/ru\/"]}]},{"@type":"BreadcrumbList","@id":"https:\/\/www.norma.ee\/ru\/#breadcrumb","itemListElement":[{"@type":"ListItem","position":1,"name":"Home","item":"https:\/\/www.norma.ee\/ru\/"},{"@type":"ListItem","position":2,"name":"Home"}]},{"@type":"WebSite","@id":"http:\/\/www.norma.ee\/#website","url":"http:\/\/www.norma.ee\/","name":"Autoliv","description":"Meie tooted p\u00e4\u00e4stavad elusid!","potentialAction":[{"@type":"SearchAction","target":{"@type":"EntryPoint","urlTemplate":"http:\/\/www.norma.ee\/?s={search_term_string}"},"query-input":{"@type":"PropertyValueSpecification","valueRequired":true,"valueName":"search_term_string"}}],"inLanguage":"ru-RU"}]}},"jetpack_sharing_enabled":true,"_links":{"self":[{"href":"http:\/\/www.norma.ee\/ru\/wp-json\/wp\/v2\/pages\/526"}],"collection":[{"href":"http:\/\/www.norma.ee\/ru\/wp-json\/wp\/v2\/pages"}],"about":[{"href":"http:\/\/www.norma.ee\/ru\/wp-json\/wp\/v2\/types\/page"}],"author":[{"embeddable":true,"href":"http:\/\/www.norma.ee\/ru\/wp-json\/wp\/v2\/users\/1"}],"replies":[{"embeddable":true,"href":"http:\/\/www.norma.ee\/ru\/wp-json\/wp\/v2\/comments?post=526"}],"version-history":[{"count":20,"href":"http:\/\/www.norma.ee\/ru\/wp-json\/wp\/v2\/pages\/526\/revisions"}],"predecessor-version":[{"id":2514,"href":"http:\/\/www.norma.ee\/ru\/wp-json\/wp\/v2\/pages\/526\/revisions\/2514"}],"wp:attachment":[{"href":"http:\/\/www.norma.ee\/ru\/wp-json\/wp\/v2\/media?parent=526"}],"curies":[{"name":"wp","href":"https:\/\/api.w.org\/{rel}","templated":true}]}}